{"id":63,"date":"2022-08-13T16:40:48","date_gmt":"2022-08-13T16:40:48","guid":{"rendered":"https:\/\/hamido.org\/?page_id=63"},"modified":"2024-07-03T09:46:25","modified_gmt":"2024-07-03T09:46:25","slug":"%d9%84%d9%84%d8%b9%d9%85%d9%84-%d9%85%d8%b9%d9%86%d8%a7","status":"publish","type":"page","link":"https:\/\/hamido.org\/?page_id=63","title":{"rendered":"\u0644\u0644\u0639\u0645\u0644 \u0645\u0639\u0646\u0627"},"content":{"rendered":"\n<h1 class=\"wp-block-heading\">\u0646\u0631\u062c\u0648 \u0642\u0631\u0627\u0621\u0629 \u0639\u0631\u0648\u0636 \u0627\u0644\u0639\u0645\u0644 \u0628\u0627\u0644\u0644\u063a\u0629 \u0627\u0644\u0623\u0644\u0645\u0627\u0646\u064a\u0629 \u0648 \u0628\u0643\u0644 \u062a\u0645\u0639\u0646 <\/h1>\n\n\n\n<div class=\"wp-block-group\"><div class=\"wp-block-group__inner-container is-layout-constrained wp-block-group-is-layout-constrained\">\n<div class=\"wp-block-group\"><div class=\"wp-block-group__inner-container is-layout-constrained wp-block-group-is-layout-constrained\">\n<h1 class=\"wp-block-heading\"><\/h1>\n\n\n\n<h1 class=\"wp-block-heading\">IHR TRAUMJOB,<\/h1>\n\n\n\n<p><strong><mark>Ihr Traumjob<\/mark><\/strong>, f\u00fcr den Sie freiwillig und voller Elan aufstehen?<\/p>\n\n\n\n<p>Wenn&nbsp;<mark>Sie das Niveau C1-GERS Deutsch durch eine der folgenden M\u00f6glichkeiten nachweisen k\u00f6nnen<\/mark>, freut sich das Sprachmittlungs- B\u00fcro Hamido GmbH, Sie als Sprachmittler\/in zum Dolmetschen bzw. \u00dcbersetzen in seinem Team willkommen zu hei\u00dfen:<\/p>\n\n\n\n<ol class=\"wp-block-list\">\n<li>Goethe- Zertifikat: Goethe-Zertifikat des Goethe-Instituts C1.<\/li>\n\n\n\n<li>Telc: Zeugnis \u00fcber die bestandene Pr\u00fcfung \u201etelc Deutsch\u201c.<\/li>\n\n\n\n<li>DSH: Zeugnis \u00fcber bestandene Deutsche Sprachpr\u00fcfung f\u00fcr den Hochschulzugang.<\/li>\n\n\n\n<li>Feststellungspr\u00fcfung 1: Zeugnis \u00fcber bestandenen Pr\u00fcfungsteil Deutsch der Feststellungspr\u00fcfung 1 an Studienkolleg bzw. der nach Landesrecht zust\u00e4ndigen Stelle.<\/li>\n\n\n\n<li>TestDaf: Zeugnis \u00fcber bestandenen Test Deutsch als Fremdsprache.<\/li>\n\n\n\n<li>UNIcert: UNIcert\u00ae-Zertifikat Deutsch.<\/li>\n\n\n\n<li>DSD: Deutsches Sprachdiplom der Kultusministerkonferenz\u00b2.<\/li>\n\n\n\n<li>\u00d6SD: \u00d6sterreichisches Sprachdiplom Deutsch.<\/li>\n\n\n\n<li>Abgeschlossenes Studium: im Fach Lehramt Deutsch, im Fach Germanistik oder an einer deutschsprachigen (Fach-) Hochschule.<\/li>\n\n\n\n<li>Schulabschluss: in deutscher Sprache abgelegt und einer allgemeinen Hochschulzugangsberechtigung entsprechend.<\/li>\n\n\n\n<li>Schulabschluss: einer Fachoberschule (FOS),<\/li>\n\n\n\n<li>Schulabschluss: einer Berufsoberschule (BOS)<\/li>\n\n\n\n<li>Schulabschluss: oder einer Berufsfachschule (BFS).<\/li>\n\n\n\n<li>Berufsabschluss\/ berufsqualifizierender Abschluss: sofern dieser einem (Fach-) Hochschulabschluss gleichzusetzen ist.<\/li>\n<\/ol>\n\n\n\n<p>Stark gefragte Sprachen sind:<\/p>\n\n\n\n<p><mark><strong>Spanisch, T\u00fcrkisch, Kurdisch (Badinani, Kurmandschi und Sorani), Arabisch, Fula, Rundi\/Kirundi, Rwanda\/Kinyarwanda, Paschto, Igbo, Dinka, Komorisch, Deutsche und internationale Geb\u00e4rdensprache, Paschai \u2013 suy j, Dari, Georgisch, Singhalesisch, Persisch, Dari, Khmer\/Kambodschanisch, Dendi, Taschelhit, Telugu, Dagbani, Gonja, Afghanisch, Pakistanisch, Somali, Sprachen und Dialekte des afrikanischen Kontinents&nbsp;<\/strong><\/mark><strong><mark>und alle weiteren Sprachen au\u00dfer Englisch und Franz\u00f6sisch.<\/mark><\/strong><\/p>\n\n\n\n<p>Unabh\u00e4ngig von dem Wohnsitz innerhalb der Bundesrepublik Deutschland bieten wir Ihnen die Aufgaben des Dolmetschens und des \u00dcbersetzens unter Ber\u00fccksichtigung der f\u00fcr Sie passenden Zeiten an.<\/p>\n\n\n\n<p><em><sup><strong>Wichtig ist<\/strong>, dass Sie in Deutschland wohnhaft sind.<\/sup><\/em><\/p>\n\n\n\n<p><strong>Haben Sie Interesse?<\/strong><\/p>\n\n\n\n<p>Ihre aussagekr\u00e4ftige Bewerbung richten Sie bitte per e-Mail an:<\/p>\n\n\n\n<p><a href=\"mailto:job@hamido.de\">job@hamido.de<\/a><\/p>\n\n\n\n<p>Oder per Post an<br>Hamido GmbH<br>Damm Str. 24<br>09599 Freiberg<\/p>\n\n\n\n<p>H\u00e4tten Sie noch Fragen, z\u00f6gern Sie nicht, uns telefonisch unter 015906181257<br>E-Mail:&nbsp;<a href=\"mailto:job@hamido.de\">job@hamido.de<\/a><br>zu kontaktieren.<\/p>\n\n\n\n<p><em><sup><strong>Anmerkung:<\/strong>&nbsp;Wir erteilen keine Online Dolmetsch- bzw. \u00dcbersetzungsarbeiten und bieten kein Homeoffice an.<\/sup><\/em><\/p>\n<\/div><\/div>\n<\/div><\/div>\n","protected":false},"excerpt":{"rendered":"<p>\u0646\u0631\u062c\u0648 \u0642\u0631\u0627\u0621\u0629 \u0639\u0631\u0648\u0636 \u0627\u0644\u0639\u0645\u0644 \u0628\u0627\u0644\u0644\u063a\u0629 \u0627\u0644\u0623\u0644\u0645\u0627\u0646\u064a\u0629 \u0648 \u0628\u0643\u0644 \u062a\u0645\u0639\u0646 IHR TRAUMJOB, Ihr Traumjob, f\u00fcr den Sie freiwillig und voller Elan aufstehen? Wenn&nbsp;Sie das Niveau C1-GERS Deutsch durch eine der folgenden M\u00f6glichkeiten nachweisen k\u00f6nnen, freut sich das Sprachmittlungs- B\u00fcro Hamido GmbH, Sie als Sprachmittler\/in zum Dolmetschen bzw. \u00dcbersetzen in seinem Team willkommen zu hei\u00dfen: Stark gefragte &hellip; <a href=\"https:\/\/hamido.org\/?page_id=63\" class=\"more-link\">\u0645\u062a\u0627\u0628\u0639\u0629 \u0642\u0631\u0627\u0621\u0629 <span class=\"screen-reader-text\">\u0644\u0644\u0639\u0645\u0644 \u0645\u0639\u0646\u0627<\/span> <span class=\"meta-nav\">&rarr;<\/span><\/a><\/p>\n","protected":false},"author":1,"featured_media":0,"parent":0,"menu_order":0,"comment_status":"closed","ping_status":"closed","template":"","meta":{"footnotes":""},"class_list":["post-63","page","type-page","status-publish","hentry"],"_links":{"self":[{"href":"https:\/\/hamido.org\/index.php?rest_route=\/wp\/v2\/pages\/63","targetHints":{"allow":["GET"]}}],"collection":[{"href":"https:\/\/hamido.org\/index.php?rest_route=\/wp\/v2\/pages"}],"about":[{"href":"https:\/\/hamido.org\/index.php?rest_route=\/wp\/v2\/types\/page"}],"author":[{"embeddable":true,"href":"https:\/\/hamido.org\/index.php?rest_route=\/wp\/v2\/users\/1"}],"replies":[{"embeddable":true,"href":"https:\/\/hamido.org\/index.php?rest_route=%2Fwp%2Fv2%2Fcomments&post=63"}],"version-history":[{"count":35,"href":"https:\/\/hamido.org\/index.php?rest_route=\/wp\/v2\/pages\/63\/revisions"}],"predecessor-version":[{"id":181,"href":"https:\/\/hamido.org\/index.php?rest_route=\/wp\/v2\/pages\/63\/revisions\/181"}],"wp:attachment":[{"href":"https:\/\/hamido.org\/index.php?rest_route=%2Fwp%2Fv2%2Fmedia&parent=63"}],"curies":[{"name":"wp","href":"https:\/\/api.w.org\/{rel}","templated":true}]}}